{"id":13,"date":"2019-04-13T13:55:12","date_gmt":"2019-04-13T13:55:12","guid":{"rendered":"http:\/\/luetzellinden.com\/?page_id=13"},"modified":"2026-02-11T21:09:42","modified_gmt":"2026-02-11T21:09:42","slug":"termine","status":"publish","type":"page","link":"https:\/\/luetzellinden.com\/","title":{"rendered":"Herzlich Willkommen"},"content":{"rendered":"\n<h2 class=\"wp-block-heading\">Ergebnisse Ortspokalschie\u00dfen 2025: <a href=\"https:\/\/luetzellinden.com\/?page_id=193\" data-type=\"page\" data-id=\"193\">LINK<\/a><\/h2>\n\n\n\n<p><a href=\"https:\/\/drive.google.com\/drive\/folders\/1d6UIsmRGg76wFlw6XOsoJbIKwBU6BtvH?usp=drive_link\" target=\"_blank\" rel=\"noreferrer noopener\"><strong>Bilder 2025<\/strong><\/a><\/p>\n\n\n\n<h2 class=\"wp-block-heading\">\u00d6ffnung der Sch\u00fctzenhalle:<br>Mittwochs und freitags ab 19:00 Uhr<\/h2>\n\n\n\n<h2 class=\"wp-block-heading\">Termine 2025 \/ 2026<\/h2>\n\n\n\n<figure class=\"wp-block-table\"><table class=\"has-fixed-layout\"><tbody><tr><td>Datum<\/td><td>Veranstaltung<\/td><td>Uhrzeit<\/td><\/tr><tr><td><s>17. Jan 2026<\/s><\/td><td>J<s>ahreshauptversammlung<\/s><\/td><td><s>20:00<\/s><\/td><\/tr><tr><td>18. Feb 2026<\/td><td>Heringsessen<\/td><td>19:15<\/td><\/tr><tr><td>02. April 2026<\/td><td>Treffen der Sch\u00fctzen<\/td><td>19:15<\/td><\/tr><tr><td>1. Mai 2026<\/td><td>Maiwanderung<\/td><td>10:30<\/td><\/tr><tr><td>9. + 10. Mai 2026<\/td><td>Ortspokalschie\u00dfen<\/td><td>16:00 Uhr (Sa), 13:00 Uhr (So)<\/td><\/tr><tr><td>14. Juni 2026<\/td><td>Tagesfahrt<\/td><td><\/td><\/tr><tr><td>27. Juni 2026<\/td><td>Grilltag<\/td><td>15:00<\/td><\/tr><tr><td>12. Sept. 2026<\/td><td>K\u00f6nigsschie\u00dfen<\/td><td>15:00<\/td><\/tr><tr><td>07. Nov. 2026<\/td><td>Bezirkssch\u00fctzenball Leihgestern<\/td><td>19:00<\/td><\/tr><tr><td>29. Nov. 2026<\/td><td>SVL Adventsschie\u00dfen<\/td><td>15:00<\/td><\/tr><tr><td><\/td><td>Weihnachtsmarkt L\u00fctzellinden<\/td><td>11:00<\/td><\/tr><tr><td>28. Dez. 2026<\/td><td>Steckenmarsch<\/td><td>10:30<\/td><\/tr><tr><td>16. Jan. 2027<\/td><td>Jahreshauptversammlung<\/td><td>19:00<\/td><\/tr><\/tbody><\/table><\/figure>\n\n\n\n<div class=\"wp-block-columns is-layout-flex wp-container-core-columns-is-layout-9d6595d7 wp-block-columns-is-layout-flex\">\n<div class=\"wp-block-column is-layout-flow wp-block-column-is-layout-flow\" style=\"flex-basis:100%\"><\/div>\n<\/div>\n\n\n\n<p>Link zur Vereinsf\u00f6rderung der Volksbank Mittelhessen eG<br><a href=\"http:\/\/www.vb-mittelhessen.de\/vereinsliebe\">www.vb-mittelhessen.de\/vereinsliebe<\/a><\/p>\n\n\n\n<p><a href=\"http:\/\/luetzellinden.com\/?page_id=124\">Impressum &#8211; Datenschutzerkl\u00e4rung<\/a><\/p>\n","protected":false},"excerpt":{"rendered":"<p>Ergebnisse Ortspokalschie\u00dfen 2025: LINK Bilder 2025 \u00d6ffnung der Sch\u00fctzenhalle:Mittwochs und freitags ab 19:00 Uhr Termine 2025 \/ 2026 Datum Veranstaltung Uhrzeit 17. Jan 2026 Jahreshauptversammlung 20:00 18. Feb 2026 Heringsessen 19:15 02. April 2026 Treffen der Sch\u00fctzen 19:15 1. Mai 2026 Maiwanderung 10:30 9. + 10. Mai 2026 Ortspokalschie\u00dfen 16:00 Uhr (Sa), 13:00 Uhr (So)&#8230;<\/p>\n","protected":false},"author":1,"featured_media":0,"parent":0,"menu_order":0,"comment_status":"closed","ping_status":"closed","template":"","meta":{"footnotes":""},"class_list":["post-13","page","type-page","status-publish","hentry"],"_links":{"self":[{"href":"https:\/\/luetzellinden.com\/index.php?rest_route=\/wp\/v2\/pages\/13","targetHints":{"allow":["GET"]}}],"collection":[{"href":"https:\/\/luetzellinden.com\/index.php?rest_route=\/wp\/v2\/pages"}],"about":[{"href":"https:\/\/luetzellinden.com\/index.php?rest_route=\/wp\/v2\/types\/page"}],"author":[{"embeddable":true,"href":"https:\/\/luetzellinden.com\/index.php?rest_route=\/wp\/v2\/users\/1"}],"replies":[{"embeddable":true,"href":"https:\/\/luetzellinden.com\/index.php?rest_route=%2Fwp%2Fv2%2Fcomments&post=13"}],"version-history":[{"count":150,"href":"https:\/\/luetzellinden.com\/index.php?rest_route=\/wp\/v2\/pages\/13\/revisions"}],"predecessor-version":[{"id":534,"href":"https:\/\/luetzellinden.com\/index.php?rest_route=\/wp\/v2\/pages\/13\/revisions\/534"}],"wp:attachment":[{"href":"https:\/\/luetzellinden.com\/index.php?rest_route=%2Fwp%2Fv2%2Fmedia&parent=13"}],"curies":[{"name":"wp","href":"https:\/\/api.w.org\/{rel}","templated":true}]}}