{"id":84,"date":"2019-04-13T17:37:25","date_gmt":"2019-04-13T17:37:25","guid":{"rendered":"http:\/\/luetzellinden.com\/?page_id=84"},"modified":"2019-11-09T14:28:01","modified_gmt":"2019-11-09T14:28:01","slug":"mitgliedschaft","status":"publish","type":"page","link":"http:\/\/luetzellinden.com\/?page_id=84","title":{"rendered":"Mitgliedschaft"},"content":{"rendered":"\n<p>Wir bieten folgende Formen der Mitgliedschaft bzw. zum Kennenlernen unseres Vereins an.<\/p>\n\n\n\n<h3 class=\"wp-block-heading\">Mitgliedschaft<\/h3>\n\n\n\n<p>Sie m\u00f6chten Mitglied in unserem Verein werden? Dann f\u00fcllen Sie bitte den&nbsp;Aufnahmeantrag&nbsp;aus und geben diesen im Verein ab. Alle wichtigen Informationen hierzu finden Sie im Antragsformular.<\/p>\n\n\n\n<p>Download: <a rel=\"noreferrer noopener\" aria-label=\"Mitgliedschaftsantrag (\u00f6ffnet in neuem Tab)\" href=\"http:\/\/luetzellinden.com\/wp-content\/uploads\/2019\/04\/2019-SVL-Beitrittserkl\u00e4rung.pdf\" target=\"_blank\">Mitgliedsantrag<\/a><\/p>\n\n\n\n<p>Download: <a href=\"http:\/\/luetzellinden.com\/wp-content\/uploads\/2019\/11\/SVL-SEPA.pdf\" target=\"_blank\" rel=\"noreferrer noopener\" aria-label=\"SEPA-Lastschriftantrag (\u00f6ffnet in neuem Tab)\">SEPA-Lastschriftantrag<\/a><br><\/p>\n\n\n\n<h3 class=\"wp-block-heading\">G\u00e4steschie\u00dfen<\/h3>\n\n\n\n<p>Die Nutzung unseres Schie\u00dfstandes durch Gastsch\u00fctzen ist mittwochs und freitags ab 19:30 Uhr oder nach entsprechender Terminvereinbarung m\u00f6glich. Die Vorlage des Personalausweises ist verbindlich.<\/p>\n\n\n\n<h3 class=\"wp-block-heading\">Schnupperschie\u00dfen<\/h3>\n\n\n\n<p>Wenn Sie Interesse am Schie\u00dfsport haben und diesen einfach einmal ausprobieren m\u00f6chten, bieten wir Ihnen ein Schnupperschie\u00dfen an. Hierdurch k\u00f6nnen Sie an insgesamt zehn Trainingseinheiten mit dem Luftgewehr oder der Luftpistole.<\/p>\n","protected":false},"excerpt":{"rendered":"<p>Wir bieten folgende Formen der Mitgliedschaft bzw. zum Kennenlernen unseres Vereins an. Mitgliedschaft Sie m\u00f6chten Mitglied in unserem Verein werden? Dann f\u00fcllen Sie bitte den&nbsp;Aufnahmeantrag&nbsp;aus und geben diesen im Verein ab. Alle wichtigen Informationen hierzu finden Sie im Antragsformular. Download: Mitgliedsantrag Download: SEPA-Lastschriftantrag G\u00e4steschie\u00dfen Die Nutzung unseres Schie\u00dfstandes durch Gastsch\u00fctzen ist mittwochs und freitags ab&#8230;<\/p>\n","protected":false},"author":1,"featured_media":0,"parent":0,"menu_order":0,"comment_status":"closed","ping_status":"closed","template":"","meta":{"footnotes":""},"class_list":["post-84","page","type-page","status-publish","hentry"],"_links":{"self":[{"href":"http:\/\/luetzellinden.com\/index.php?rest_route=\/wp\/v2\/pages\/84","targetHints":{"allow":["GET"]}}],"collection":[{"href":"http:\/\/luetzellinden.com\/index.php?rest_route=\/wp\/v2\/pages"}],"about":[{"href":"http:\/\/luetzellinden.com\/index.php?rest_route=\/wp\/v2\/types\/page"}],"author":[{"embeddable":true,"href":"http:\/\/luetzellinden.com\/index.php?rest_route=\/wp\/v2\/users\/1"}],"replies":[{"embeddable":true,"href":"http:\/\/luetzellinden.com\/index.php?rest_route=%2Fwp%2Fv2%2Fcomments&post=84"}],"version-history":[{"count":5,"href":"http:\/\/luetzellinden.com\/index.php?rest_route=\/wp\/v2\/pages\/84\/revisions"}],"predecessor-version":[{"id":254,"href":"http:\/\/luetzellinden.com\/index.php?rest_route=\/wp\/v2\/pages\/84\/revisions\/254"}],"wp:attachment":[{"href":"http:\/\/luetzellinden.com\/index.php?rest_route=%2Fwp%2Fv2%2Fmedia&parent=84"}],"curies":[{"name":"wp","href":"https:\/\/api.w.org\/{rel}","templated":true}]}}