{"id":6,"date":"2019-04-13T13:51:51","date_gmt":"2019-04-13T13:51:51","guid":{"rendered":"http:\/\/luetzellinden.com\/?page_id=6"},"modified":"2024-01-02T19:55:51","modified_gmt":"2024-01-02T19:55:51","slug":"chronik","status":"publish","type":"page","link":"http:\/\/luetzellinden.com\/?page_id=6","title":{"rendered":"Chronik"},"content":{"rendered":"\n<p>Der Sch\u00fctzenverein wurde am 19. September 1969 von 14 Schie\u00dfsportfreunden aus L\u00fctzellinden in der Gastst\u00e4tte Germania gegr\u00fcndet. In Eigenarbeit wurde im angrenzenden Saal der Gastst\u00e4tte ein Schie\u00dfstand aufgebaut, und bereits nach kurzer Zeit fand das sportliche Schie\u00dfen im Dorf reges Interesse. Bis zum Jahresende 1969 war die Mitgliederzahl bereits auf 36 gestiegen. Der Verein geh\u00f6rte dem Sch\u00fctzen-kreis Wetzlar an, und man konnte auch dort bald die ersten Wettkampferfolge verbuchen. Ja, man schloss sogar die Runde als Gruppensieger ab und schaffte somit den Aufstieg in die n\u00e4chsth\u00f6here Klasse.<\/p>\n\n\n\n<p>Ein Jahr nach der Vereinsgr\u00fcndung wurde das erste K\u00f6nigsschie\u00dfen veranstaltet. Erster K\u00f6nig war das Gr\u00fcndungsmitglied Gerhard Andermann. Beim K\u00f6nigsschie\u00dfen war ein Adler aus Holz die Zielscheibe. Der erste Prinz war Dieter Henrich. Der Schie\u00dfbetrieb wurde 1971 in die Gastst\u00e4tte zum Tapferen Schneiderlein verlegt, da man weiteren Platzbedarf f\u00fcr zus\u00e4tzliche Scheibenzuganlagen ben\u00f6tigte.<\/p>\n\n\n\n<p>Im Jahre 1977 wurde der eigene Schie\u00dfstand im Anbau an die Sporthalle eingeweiht, wo auch heute noch der Schie\u00dfsportbetrieb durchgef\u00fchrt wird. Durch die Aufl\u00f6sung der Stadt Lahn im Jahre 1979 und die Eingemeindung zur Stadt Gie\u00dfen wurde die Sch\u00fctzenhalle zum Mehrzweckraum umgewandelt. 1979 wurde B\u00e4rbel Spengler erste K\u00f6nigin des Vereines. Aufgrund politischer Zw\u00e4nge musste der Verein 1981 dem Sch\u00fctzenkreis Gie\u00dfen beitreten. Dort konnten schnell neue Freundschaften mit den Sch\u00fctzenvereinen des Sch\u00fctzenkreises 53 Gie\u00dfen geschlossen werden.<\/p>\n\n\n\n<p>2002\/2003 konnte der Sch\u00fctzenverein dann eine neue Sch\u00fctzenhalle und ein neues Vereinsheim im linken Vorbau der Sporthalle beziehen. Hierzu war viel Eigenarbeit und Engagement der Mitglieder erforderlich. Auch in 2015\/2016 sind wieder 3 Wettkampfmannschaften in den Disziplinen Luftgewehr und Luftpistole aktiv. Viele Aktivit\u00e4ten, wie z.B. das in L\u00fctzellinden sehr beliebte Ortspokalschie\u00dfen, Maiwanderung, Grilltag, usw. werden wieder durchgef\u00fchrt.<\/p>\n\n\n\n<p><a href=\"http:\/\/luetzellinden.com\/wp-content\/uploads\/2024\/01\/Statistik-Vorstand-2024.pdf\" target=\"_blank\" rel=\"noreferrer noopener\">Vorstand &#8211; R\u00fcckblick<\/a><\/p>\n","protected":false},"excerpt":{"rendered":"<p>Der Sch\u00fctzenverein wurde am 19. September 1969 von 14 Schie\u00dfsportfreunden aus L\u00fctzellinden in der Gastst\u00e4tte Germania gegr\u00fcndet. In Eigenarbeit wurde im angrenzenden Saal der Gastst\u00e4tte ein Schie\u00dfstand aufgebaut, und bereits nach kurzer Zeit fand das sportliche Schie\u00dfen im Dorf reges Interesse. Bis zum Jahresende 1969 war die Mitgliederzahl bereits auf 36 gestiegen. Der Verein geh\u00f6rte&#8230;<\/p>\n","protected":false},"author":1,"featured_media":0,"parent":0,"menu_order":0,"comment_status":"closed","ping_status":"closed","template":"","meta":{"footnotes":""},"class_list":["post-6","page","type-page","status-publish","hentry"],"_links":{"self":[{"href":"http:\/\/luetzellinden.com\/index.php?rest_route=\/wp\/v2\/pages\/6","targetHints":{"allow":["GET"]}}],"collection":[{"href":"http:\/\/luetzellinden.com\/index.php?rest_route=\/wp\/v2\/pages"}],"about":[{"href":"http:\/\/luetzellinden.com\/index.php?rest_route=\/wp\/v2\/types\/page"}],"author":[{"embeddable":true,"href":"http:\/\/luetzellinden.com\/index.php?rest_route=\/wp\/v2\/users\/1"}],"replies":[{"embeddable":true,"href":"http:\/\/luetzellinden.com\/index.php?rest_route=%2Fwp%2Fv2%2Fcomments&post=6"}],"version-history":[{"count":6,"href":"http:\/\/luetzellinden.com\/index.php?rest_route=\/wp\/v2\/pages\/6\/revisions"}],"predecessor-version":[{"id":455,"href":"http:\/\/luetzellinden.com\/index.php?rest_route=\/wp\/v2\/pages\/6\/revisions\/455"}],"wp:attachment":[{"href":"http:\/\/luetzellinden.com\/index.php?rest_route=%2Fwp%2Fv2%2Fmedia&parent=6"}],"curies":[{"name":"wp","href":"https:\/\/api.w.org\/{rel}","templated":true}]}}